{"id":11,"date":"2020-08-20T20:33:10","date_gmt":"2020-08-20T20:33:10","guid":{"rendered":"https:\/\/eckert-advisory.de\/?page_id=11"},"modified":"2020-10-08T12:11:44","modified_gmt":"2020-10-08T12:11:44","slug":"mein-netzwerk","status":"publish","type":"page","link":"https:\/\/eckert-advisory.de\/?page_id=11","title":{"rendered":"Mein Netzwerk: Kompetenz und Diversit\u00e4t"},"content":{"rendered":"\n<p>Meine Expertise in der Entwicklung Umsetzung innovativer IT-Technologien, Unternehmenskulturen, Gesch\u00e4ftsmodelle und Gesch\u00e4ftsprozesse sowie in der F\u00f6rderung hochinnovativer Start-ups wird durch  ein starkes Netzwerk hochkompetenter Partner erg\u00e4nzt.<\/p>\n\n\n\n<p>So kann jederzeit sichergestellt werden, dass f\u00fcr jeden einzelnen Aspekt Ihrer digitalen Transformation ein H\u00f6chstma\u00df an Expertise auf Ihrem Weg zur Verf\u00fcgung steht.<\/p>\n\n\n\n<p>Ich setze auch auf der menschlichen Seite der Digitalisierung und meinen dazugeh\u00f6rigen Angeboten (wie Coaching \/ Mentoring \/ Designing your Life)  auf einen Community &amp; Netzwerk Ansatz.<br>Gerade bei Start-Ups und und der &#8222;radical collaboration&#8220; im Rahmen der &#8222;Designing Your Life&#8220; Methode ist dieser zielf\u00fchrend.<\/p>\n\n\n\n<div class=\"wp-block-media-text alignwide is-stacked-on-mobile\" style=\"grid-template-columns:20% auto\"><figure class=\"wp-block-media-text__media\"><a href=\"https:\/\/www.linkedin.com\/company\/walldorf-digital-experts\/\" target=\"_blank\" rel=\"noopener noreferrer\"><img loading=\"lazy\" decoding=\"async\" width=\"1020\" height=\"1024\" src=\"https:\/\/eckert-advisory.de\/wp-content\/uploads\/2020\/09\/wde_2-1020x1024.png\" alt=\"\" class=\"wp-image-233\" srcset=\"https:\/\/eckert-advisory.de\/wp-content\/uploads\/2020\/09\/wde_2-1020x1024.png 1020w, https:\/\/eckert-advisory.de\/wp-content\/uploads\/2020\/09\/wde_2-300x300.png 300w, https:\/\/eckert-advisory.de\/wp-content\/uploads\/2020\/09\/wde_2-150x150.png 150w, https:\/\/eckert-advisory.de\/wp-content\/uploads\/2020\/09\/wde_2-768x771.png 768w, https:\/\/eckert-advisory.de\/wp-content\/uploads\/2020\/09\/wde_2-100x100.png 100w, https:\/\/eckert-advisory.de\/wp-content\/uploads\/2020\/09\/wde_2.png 1198w\" sizes=\"auto, (max-width: 767px) 89vw, (max-width: 1000px) 54vw, (max-width: 1071px) 543px, 580px\" \/><\/a><\/figure><div class=\"wp-block-media-text__content\">\n<p><em>Die&nbsp;<\/em><strong>Walldorf Digital Experts<\/strong><em>&nbsp;bilden ein Business-Netzwerk, um Unternehmen bei ihrer digitalen Transformation zu unterst\u00fctzen. Das Netzwerk besteht aus ehemaligen langj\u00e4hrigen (zwei Jahrzehnte und mehr) SAP-Experten aus fast allen SAP-Gesch\u00e4ftsbereichen. Ausnahmslos haben sie unz\u00e4hlige Kunden aus verschiedenen Branchen mit ihrem Gesch\u00e4ftsmodell und ihrer Prozessoptimierung auf globaler Ebene unterst\u00fctzt.<\/em><br><em>Ich bin hier ein Gr\u00fcndungsmitglied der Walldorf Digital Experts und der richtige Vermittler, um bei Bedarf kompetente Experten f\u00fcr jeden Kunden mit entsprechenden Anforderungen zu involvieren.<\/em><\/p>\n<\/div><\/div>\n\n\n\n<p><\/p>\n\n\n\n<div class=\"wp-block-columns is-layout-flex wp-container-core-columns-is-layout-9d6595d7 wp-block-columns-is-layout-flex\">\n<div class=\"wp-block-column is-vertically-aligned-top is-layout-flow wp-block-column-is-layout-flow\">\n<div class=\"wp-block-group\"><div class=\"wp-block-group__inner-container is-layout-flow wp-block-group-is-layout-flow\">\n<div class=\"wp-block-group\"><div class=\"wp-block-group__inner-container is-layout-flow wp-block-group-is-layout-flow\">\n<div class=\"wp-block-group\"><div class=\"wp-block-group__inner-container is-layout-flow wp-block-group-is-layout-flow\">\n<div class=\"wp-block-media-text alignwide is-stacked-on-mobile is-vertically-aligned-top\" style=\"grid-template-columns:20% auto\"><figure class=\"wp-block-media-text__media\"><a href=\"https:\/\/www.plus-rasmussen.com\/\" target=\"_blank\" rel=\"noopener noreferrer\"><img loading=\"lazy\" decoding=\"async\" width=\"128\" height=\"128\" src=\"https:\/\/eckert-advisory.de\/wp-content\/uploads\/2020\/08\/R_CompanyLogo.jpg\" alt=\"\" class=\"wp-image-98\" srcset=\"https:\/\/eckert-advisory.de\/wp-content\/uploads\/2020\/08\/R_CompanyLogo.jpg 128w, https:\/\/eckert-advisory.de\/wp-content\/uploads\/2020\/08\/R_CompanyLogo-100x100.jpg 100w\" sizes=\"auto, (max-width: 128px) 100vw, 128px\" \/><\/a><\/figure><div class=\"wp-block-media-text__content\">\n<p>+Rasmussen&nbsp;unterst\u00fctzt Personen und Organisationen auf deren Ver\u00e4nderungsreise.<br>Der Schwerpunkt liegt auf gesundem und gl\u00fccklichem Wachstum sowie auf der Erzielung von Top- und Bottom-Line-Ergebnissen durch die agile Transformation von F\u00fchrungskr\u00e4ften, Teams und dem individuellem Wachstum in der digitalisierten Welt. Um die besten Resultate f\u00fcr Ihre Organisation zu erzielen, verwenden +Rasmussen einen kombinierten Ansatz aus den drei Unternehmensbereichen Beratung, Akademie und Innovard.<\/p>\n<\/div><\/div>\n\n\n\n<div class=\"wp-block-media-text alignwide is-stacked-on-mobile\" style=\"grid-template-columns:20% auto\"><figure class=\"wp-block-media-text__media\"><img loading=\"lazy\" decoding=\"async\" width=\"1024\" height=\"1024\" src=\"https:\/\/eckert-advisory.de\/wp-content\/uploads\/2020\/10\/2020-09-26_Germinio-Logo-rgb-1024x1024_Farbe_Schrift-weiss-1024x1024.png\" alt=\"\" class=\"wp-image-253\" srcset=\"https:\/\/eckert-advisory.de\/wp-content\/uploads\/2020\/10\/2020-09-26_Germinio-Logo-rgb-1024x1024_Farbe_Schrift-weiss.png 1024w, https:\/\/eckert-advisory.de\/wp-content\/uploads\/2020\/10\/2020-09-26_Germinio-Logo-rgb-1024x1024_Farbe_Schrift-weiss-300x300.png 300w, https:\/\/eckert-advisory.de\/wp-content\/uploads\/2020\/10\/2020-09-26_Germinio-Logo-rgb-1024x1024_Farbe_Schrift-weiss-150x150.png 150w, https:\/\/eckert-advisory.de\/wp-content\/uploads\/2020\/10\/2020-09-26_Germinio-Logo-rgb-1024x1024_Farbe_Schrift-weiss-768x768.png 768w, https:\/\/eckert-advisory.de\/wp-content\/uploads\/2020\/10\/2020-09-26_Germinio-Logo-rgb-1024x1024_Farbe_Schrift-weiss-100x100.png 100w\" sizes=\"auto, (max-width: 767px) 89vw, (max-width: 1000px) 54vw, (max-width: 1071px) 543px, 580px\" \/><\/figure><div class=\"wp-block-media-text__content\">\n<p><em>Sie wollen nachhaltiges Gesch\u00e4ftswachstum in der globalisierten und digitalisierten Welt?<\/em><br><em>Germinio begleitet Sie mit Senior Advisory Services beim Meistern der Herausforderungen im digitalen Zeitalter. Unser Schwerpunkt liegt dabei auf Effektivit\u00e4t und der Innovationskraft f\u00fcr Ihre Gesch\u00e4ftsmodelle, Ihre F\u00fchrungskr\u00e4fte- und Mitarbeiterschafts-Entwicklung. Die Menschen und Ihre Unternehmenskultur stehen dabei als zentrale Tr\u00e4ger und Treiber Ihrer Transformation im Mittelpunkt.<\/em> <br><em>Au\u00dferdem hilft Ihnen Germinio beim Arrangieren deutsch-chinesischer Gesch\u00e4ftspartnerschaften!<\/em><br><em>Dazu nutzen wir unsere starken Verbindungen in den chinesischen Markt und unser gro\u00dfes Netzwerk mit Alumni, Partnern, Kunden und in die Politik. Ihr Weg in den chinesischen Markt wird geebnet.<\/em><br><em>Erfahren Sie mehr unter <\/em><a href=\"https:\/\/www.germinio.com\/\">www.germinio.com<\/a><\/p>\n\n\n\n<p> <\/p>\n<\/div><\/div>\n\n\n\n<p><\/p>\n<\/div><\/div>\n<\/div><\/div>\n<\/div><\/div>\n\n\n\n<div class=\"wp-block-media-text alignwide is-stacked-on-mobile\" style=\"grid-template-columns:20% auto\"><figure class=\"wp-block-media-text__media\"><a href=\"http:\/\/www.levelup-consult.com\"><img loading=\"lazy\" decoding=\"async\" width=\"471\" height=\"271\" src=\"https:\/\/eckert-advisory.de\/wp-content\/uploads\/2020\/08\/2020-08-21_12-09-12.jpg\" alt=\"\" class=\"wp-image-113\" srcset=\"https:\/\/eckert-advisory.de\/wp-content\/uploads\/2020\/08\/2020-08-21_12-09-12.jpg 471w, https:\/\/eckert-advisory.de\/wp-content\/uploads\/2020\/08\/2020-08-21_12-09-12-300x173.jpg 300w\" sizes=\"auto, (max-width: 471px) 100vw, 471px\" \/><\/a><\/figure><div class=\"wp-block-media-text__content\">\n<p>Interim-Management, Projektmanagement und Coaching<\/p>\n<\/div><\/div>\n\n\n\n<p><\/p>\n<\/div>\n<\/div>\n","protected":false},"excerpt":{"rendered":"<p>Meine Expertise in der Entwicklung Umsetzung innovativer IT-Technologien, Unternehmenskulturen, Gesch\u00e4ftsmodelle und Gesch\u00e4ftsprozesse sowie in der F\u00f6rderung hochinnovativer Start-ups wird durch ein starkes Netzwerk hochkompetenter Partner erg\u00e4nzt. So kann jederzeit sichergestellt werden, dass f\u00fcr jeden einzelnen Aspekt Ihrer digitalen Transformation ein H\u00f6chstma\u00df an Expertise auf Ihrem Weg zur Verf\u00fcgung steht. Ich setze auch auf der menschlichen &hellip; <\/p>\n<p class=\"link-more\"><a href=\"https:\/\/eckert-advisory.de\/?page_id=11\" class=\"more-link\"><span class=\"screen-reader-text\">\u201eMein Netzwerk: Kompetenz und Diversit\u00e4t\u201c <\/span>weiterlesen<\/a><\/p>\n","protected":false},"author":1,"featured_media":0,"parent":0,"menu_order":0,"comment_status":"closed","ping_status":"open","template":"","meta":{"ngg_post_thumbnail":0,"footnotes":""},"class_list":["post-11","page","type-page","status-publish","hentry"],"yoast_head":"<!-- This site is optimized with the Yoast SEO plugin v27.3 - https:\/\/yoast.com\/product\/yoast-seo-wordpress\/ -->\n<title>Mein Netzwerk: Kompetenz und Diversit\u00e4t - Eckert Advisory<\/title>\n<meta name=\"robots\" content=\"index, follow, max-snippet:-1, max-image-preview:large, max-video-preview:-1\" \/>\n<link rel=\"canonical\" href=\"https:\/\/eckert-advisory.de\/?page_id=11\" \/>\n<meta property=\"og:locale\" content=\"de_DE\" \/>\n<meta property=\"og:type\" content=\"article\" \/>\n<meta property=\"og:title\" content=\"Mein Netzwerk: Kompetenz und Diversit\u00e4t - Eckert Advisory\" \/>\n<meta property=\"og:description\" content=\"Meine Expertise in der Entwicklung Umsetzung innovativer IT-Technologien, Unternehmenskulturen, Gesch\u00e4ftsmodelle und Gesch\u00e4ftsprozesse sowie in der F\u00f6rderung hochinnovativer Start-ups wird durch ein starkes Netzwerk hochkompetenter Partner erg\u00e4nzt. So kann jederzeit sichergestellt werden, dass f\u00fcr jeden einzelnen Aspekt Ihrer digitalen Transformation ein H\u00f6chstma\u00df an Expertise auf Ihrem Weg zur Verf\u00fcgung steht. Ich setze auch auf der menschlichen &hellip; \u201eMein Netzwerk: Kompetenz und Diversit\u00e4t\u201c weiterlesen\" \/>\n<meta property=\"og:url\" content=\"https:\/\/eckert-advisory.de\/?page_id=11\" \/>\n<meta property=\"og:site_name\" content=\"Eckert Advisory\" \/>\n<meta property=\"article:modified_time\" content=\"2020-10-08T12:11:44+00:00\" \/>\n<meta property=\"og:image\" content=\"https:\/\/eckert-advisory.de\/wp-content\/uploads\/2020\/09\/wde_2-1020x1024.png\" \/>\n<meta name=\"twitter:card\" content=\"summary_large_image\" \/>\n<meta name=\"twitter:label1\" content=\"Gesch\u00e4tzte Lesezeit\" \/>\n\t<meta name=\"twitter:data1\" content=\"2\u00a0Minuten\" \/>\n<script type=\"application\/ld+json\" class=\"yoast-schema-graph\">{\"@context\":\"https:\\\/\\\/schema.org\",\"@graph\":[{\"@type\":\"WebPage\",\"@id\":\"https:\\\/\\\/eckert-advisory.de\\\/?page_id=11\",\"url\":\"https:\\\/\\\/eckert-advisory.de\\\/?page_id=11\",\"name\":\"Mein Netzwerk: Kompetenz und Diversit\u00e4t - Eckert Advisory\",\"isPartOf\":{\"@id\":\"https:\\\/\\\/eckert-advisory.de\\\/#website\"},\"primaryImageOfPage\":{\"@id\":\"https:\\\/\\\/eckert-advisory.de\\\/?page_id=11#primaryimage\"},\"image\":{\"@id\":\"https:\\\/\\\/eckert-advisory.de\\\/?page_id=11#primaryimage\"},\"thumbnailUrl\":\"https:\\\/\\\/eckert-advisory.de\\\/wp-content\\\/uploads\\\/2020\\\/09\\\/wde_2-1020x1024.png\",\"datePublished\":\"2020-08-20T20:33:10+00:00\",\"dateModified\":\"2020-10-08T12:11:44+00:00\",\"breadcrumb\":{\"@id\":\"https:\\\/\\\/eckert-advisory.de\\\/?page_id=11#breadcrumb\"},\"inLanguage\":\"de\",\"potentialAction\":[{\"@type\":\"ReadAction\",\"target\":[\"https:\\\/\\\/eckert-advisory.de\\\/?page_id=11\"]}]},{\"@type\":\"ImageObject\",\"inLanguage\":\"de\",\"@id\":\"https:\\\/\\\/eckert-advisory.de\\\/?page_id=11#primaryimage\",\"url\":\"https:\\\/\\\/eckert-advisory.de\\\/wp-content\\\/uploads\\\/2020\\\/09\\\/wde_2-1020x1024.png\",\"contentUrl\":\"https:\\\/\\\/eckert-advisory.de\\\/wp-content\\\/uploads\\\/2020\\\/09\\\/wde_2-1020x1024.png\"},{\"@type\":\"BreadcrumbList\",\"@id\":\"https:\\\/\\\/eckert-advisory.de\\\/?page_id=11#breadcrumb\",\"itemListElement\":[{\"@type\":\"ListItem\",\"position\":1,\"name\":\"Home\",\"item\":\"https:\\\/\\\/eckert-advisory.de\\\/\"},{\"@type\":\"ListItem\",\"position\":2,\"name\":\"Mein Netzwerk: Kompetenz und Diversit\u00e4t\"}]},{\"@type\":\"WebSite\",\"@id\":\"https:\\\/\\\/eckert-advisory.de\\\/#website\",\"url\":\"https:\\\/\\\/eckert-advisory.de\\\/\",\"name\":\"Eckert Advisory\",\"description\":\"Digitalisierung erfolgreich menschlich\",\"potentialAction\":[{\"@type\":\"SearchAction\",\"target\":{\"@type\":\"EntryPoint\",\"urlTemplate\":\"https:\\\/\\\/eckert-advisory.de\\\/?s={search_term_string}\"},\"query-input\":{\"@type\":\"PropertyValueSpecification\",\"valueRequired\":true,\"valueName\":\"search_term_string\"}}],\"inLanguage\":\"de\"}]}<\/script>\n<!-- \/ Yoast SEO plugin. -->","yoast_head_json":{"title":"Mein Netzwerk: Kompetenz und Diversit\u00e4t - Eckert Advisory","robots":{"index":"index","follow":"follow","max-snippet":"max-snippet:-1","max-image-preview":"max-image-preview:large","max-video-preview":"max-video-preview:-1"},"canonical":"https:\/\/eckert-advisory.de\/?page_id=11","og_locale":"de_DE","og_type":"article","og_title":"Mein Netzwerk: Kompetenz und Diversit\u00e4t - Eckert Advisory","og_description":"Meine Expertise in der Entwicklung Umsetzung innovativer IT-Technologien, Unternehmenskulturen, Gesch\u00e4ftsmodelle und Gesch\u00e4ftsprozesse sowie in der F\u00f6rderung hochinnovativer Start-ups wird durch ein starkes Netzwerk hochkompetenter Partner erg\u00e4nzt. So kann jederzeit sichergestellt werden, dass f\u00fcr jeden einzelnen Aspekt Ihrer digitalen Transformation ein H\u00f6chstma\u00df an Expertise auf Ihrem Weg zur Verf\u00fcgung steht. Ich setze auch auf der menschlichen &hellip; \u201eMein Netzwerk: Kompetenz und Diversit\u00e4t\u201c weiterlesen","og_url":"https:\/\/eckert-advisory.de\/?page_id=11","og_site_name":"Eckert Advisory","article_modified_time":"2020-10-08T12:11:44+00:00","og_image":[{"url":"https:\/\/eckert-advisory.de\/wp-content\/uploads\/2020\/09\/wde_2-1020x1024.png","type":"","width":"","height":""}],"twitter_card":"summary_large_image","twitter_misc":{"Gesch\u00e4tzte Lesezeit":"2\u00a0Minuten"},"schema":{"@context":"https:\/\/schema.org","@graph":[{"@type":"WebPage","@id":"https:\/\/eckert-advisory.de\/?page_id=11","url":"https:\/\/eckert-advisory.de\/?page_id=11","name":"Mein Netzwerk: Kompetenz und Diversit\u00e4t - Eckert Advisory","isPartOf":{"@id":"https:\/\/eckert-advisory.de\/#website"},"primaryImageOfPage":{"@id":"https:\/\/eckert-advisory.de\/?page_id=11#primaryimage"},"image":{"@id":"https:\/\/eckert-advisory.de\/?page_id=11#primaryimage"},"thumbnailUrl":"https:\/\/eckert-advisory.de\/wp-content\/uploads\/2020\/09\/wde_2-1020x1024.png","datePublished":"2020-08-20T20:33:10+00:00","dateModified":"2020-10-08T12:11:44+00:00","breadcrumb":{"@id":"https:\/\/eckert-advisory.de\/?page_id=11#breadcrumb"},"inLanguage":"de","potentialAction":[{"@type":"ReadAction","target":["https:\/\/eckert-advisory.de\/?page_id=11"]}]},{"@type":"ImageObject","inLanguage":"de","@id":"https:\/\/eckert-advisory.de\/?page_id=11#primaryimage","url":"https:\/\/eckert-advisory.de\/wp-content\/uploads\/2020\/09\/wde_2-1020x1024.png","contentUrl":"https:\/\/eckert-advisory.de\/wp-content\/uploads\/2020\/09\/wde_2-1020x1024.png"},{"@type":"BreadcrumbList","@id":"https:\/\/eckert-advisory.de\/?page_id=11#breadcrumb","itemListElement":[{"@type":"ListItem","position":1,"name":"Home","item":"https:\/\/eckert-advisory.de\/"},{"@type":"ListItem","position":2,"name":"Mein Netzwerk: Kompetenz und Diversit\u00e4t"}]},{"@type":"WebSite","@id":"https:\/\/eckert-advisory.de\/#website","url":"https:\/\/eckert-advisory.de\/","name":"Eckert Advisory","description":"Digitalisierung erfolgreich menschlich","potentialAction":[{"@type":"SearchAction","target":{"@type":"EntryPoint","urlTemplate":"https:\/\/eckert-advisory.de\/?s={search_term_string}"},"query-input":{"@type":"PropertyValueSpecification","valueRequired":true,"valueName":"search_term_string"}}],"inLanguage":"de"}]}},"_links":{"self":[{"href":"https:\/\/eckert-advisory.de\/index.php?rest_route=\/wp\/v2\/pages\/11","targetHints":{"allow":["GET"]}}],"collection":[{"href":"https:\/\/eckert-advisory.de\/index.php?rest_route=\/wp\/v2\/pages"}],"about":[{"href":"https:\/\/eckert-advisory.de\/index.php?rest_route=\/wp\/v2\/types\/page"}],"author":[{"embeddable":true,"href":"https:\/\/eckert-advisory.de\/index.php?rest_route=\/wp\/v2\/users\/1"}],"replies":[{"embeddable":true,"href":"https:\/\/eckert-advisory.de\/index.php?rest_route=%2Fwp%2Fv2%2Fcomments&post=11"}],"version-history":[{"count":31,"href":"https:\/\/eckert-advisory.de\/index.php?rest_route=\/wp\/v2\/pages\/11\/revisions"}],"predecessor-version":[{"id":257,"href":"https:\/\/eckert-advisory.de\/index.php?rest_route=\/wp\/v2\/pages\/11\/revisions\/257"}],"wp:attachment":[{"href":"https:\/\/eckert-advisory.de\/index.php?rest_route=%2Fwp%2Fv2%2Fmedia&parent=11"}],"curies":[{"name":"wp","href":"https:\/\/api.w.org\/{rel}","templated":true}]}}