{"id":27,"date":"2020-08-20T20:48:29","date_gmt":"2020-08-20T20:48:29","guid":{"rendered":"https:\/\/eckert-advisory.de\/?page_id=27"},"modified":"2020-08-24T06:27:58","modified_gmt":"2020-08-24T06:27:58","slug":"ueber-mich","status":"publish","type":"page","link":"https:\/\/eckert-advisory.de\/?page_id=27","title":{"rendered":"\u00dcber mich"},"content":{"rendered":"\n<h2 class=\"wp-block-heading\"><strong>Dr. Harald Eckert<\/strong><\/h2>\n\n\n\n<div class=\"wp-block-image\"><figure class=\"alignleft size-large is-resized\"><img loading=\"lazy\" decoding=\"async\" src=\"https:\/\/eckert-advisory.de\/wp-content\/uploads\/2020\/08\/Harald_1_v3-1-1024x951.jpeg\" alt=\"\" class=\"wp-image-80\" width=\"455\" height=\"422\" srcset=\"https:\/\/eckert-advisory.de\/wp-content\/uploads\/2020\/08\/Harald_1_v3-1-1024x951.jpeg 1024w, https:\/\/eckert-advisory.de\/wp-content\/uploads\/2020\/08\/Harald_1_v3-1-300x279.jpeg 300w, https:\/\/eckert-advisory.de\/wp-content\/uploads\/2020\/08\/Harald_1_v3-1-768x713.jpeg 768w, https:\/\/eckert-advisory.de\/wp-content\/uploads\/2020\/08\/Harald_1_v3-1-1536x1426.jpeg 1536w, https:\/\/eckert-advisory.de\/wp-content\/uploads\/2020\/08\/Harald_1_v3-1.jpeg 1568w\" sizes=\"auto, (max-width: 455px) 100vw, 455px\" \/><\/figure><\/div>\n\n\n\n<h2 class=\"wp-block-heading\">Meine Berufung<\/h2>\n\n\n\n<p>W\u00e4hrend meiner gesamten beruflichen Karriere habe ich die Erkenntnis gewonnen, dass technologische Innovationen im IT-Bereich und die Digitalisierung nur dann erfolgreich und nutzenbringend waren , wenn bei deren Umsetzung die drei Dimensionen Mensch, Technologie und Prozesse koh\u00e4rent ber\u00fccksichtig wurden.<\/p>\n\n\n\n<p>Die bei der Beratung, Betreuung und Begleitung von Digitalisierung-Projekten in Unternehmen und Organisationen aller Gr\u00f6\u00dfenordnung, Industrie und Nationalit\u00e4t gewonnenen Erfahrungen lege ich meinem Angebot zu Grunde. <\/p>\n\n\n\n<p>Dazu geh\u00f6rt auch das starke Interesse, Personen \/ F\u00fchrungskr\u00e4fte und Teams st\u00e4rkenorientiert zu entwickeln, Start-ups in der Wachstumsphase zu begleiten und moderne F\u00fchrungskulturen zu etablieren.     <\/p>\n\n\n\n<h2 class=\"wp-block-heading\">Meine Erfahrungen<\/h2>\n\n\n\n<p>Ich verf\u00fcge \u00fcber mehr als 30 Jahre internationale Erfahrung in der IT-Branche &#8211; in F\u00fchrungspositionen, als Advisor in Technologiefragen, kundenorientierten Positionen in Entwicklung, Marketing, Solution Management, Sales Support, Business Development und als Customer Officer f\u00fcr Cloud Computing mit Fokus auf den Kundenerfolg.<\/p>\n\n\n\n<p>Ich verf\u00fcge \u00fcber nachgewiesene Erfolge in den Bereichen Kundenberatung, SaaS-Bereitstellung, Projekt- und Changemanagement-Support f\u00fcr Kunden aller Gr\u00f6\u00dfenordnungen bei der Definition, Umsetzung und dem Review ihrer Digitalisierungsstrategie.<\/p>\n\n\n\n<p>Mein ausgepr\u00e4gter Gesch\u00e4ftssinn und unternehmerisches Denken verwandelte <br>-zusammen mit meiner Motivation und dem Streben nach kundenorientierten Design und deren schnellen Umsetzung-  technologische Innovationen in Gesch\u00e4ftserfolge.<\/p>\n\n\n\n<p>Seit 2020 bin ich freiberuflich t\u00e4tig und biete Unternehmen aller Gr\u00f6\u00dfen Beratungs-, Programm- und Projektmanagement-Dienstleistungen im Rahmen ihrer Digitalisierung, Globalisierung und Cloud-Transformation an.<\/p>\n\n\n\n<p>Ich fungiere auch als Advisor f\u00fcr Startups, indem ich diese berate und ihr Unternehmenswachstum unterst\u00fctze.<\/p>\n\n\n\n<p>Vor meiner freiberuflichen T\u00e4tigkeit war ich als Senior Executive bei SAP t\u00e4tig. <br>Ich verf\u00fcge \u00fcber mehr als 24 Jahre Management-Erfahrung im Aufbau und der Leitung globaler und internationaler Teams und war verantwortlich f\u00fcr den After Sales im am schnellsten wachsenden Cloud SaaS-Gesch\u00e4ft f\u00fcr EMEA. <\/p>\n\n\n\n<p>Seit 2015 bin ich als Coach \/ Mentor f\u00fcr Executives, F\u00fchrungskr\u00e4fte, Teams in Phasen der Neuorientierung, Karriereplanung, Work-Life-Themen sowie Outplacement und Ruhestandsplanung t\u00e4tig.<\/p>\n\n\n\n<h2 class=\"wp-block-heading\">Meine Ausbildung<\/h2>\n\n\n\n<p>Studium der Informatik and der TH Karlsruhe<\/p>\n\n\n\n<p>Promotion im Bereich der Anwendung der K\u00fcnstlichen Intelligenz<\/p>\n\n\n\n<p>Im Jahr 2009 schloss ich eine Ausbildung zum Kundalini Yoga-Lehrer mit einem Level One Instructor Certificate of Training des Kundalini Research Institute (KRI) ab.<\/p>\n\n\n\n<p>Ich absolvierte seit 2010 Zusatzausbildungen in Systemischem Coaching, Achtsamkeitscoaching, Teamcoaching (anerkannt von dem deutschen DVBC) <\/p>\n\n\n\n<p>Ich bin seit 2019 \/ 2020 zertifizierter <strong>Designing Your Life Facilitator<\/strong> und  <strong>Designing Your Life Coach <\/strong>(Stanford) <br>http:\/\/designingyour.life\/dylcoacheseurope\/<\/p>\n\n\n\n<div class=\"wp-block-group\"><div class=\"wp-block-group__inner-container is-layout-flow wp-block-group-is-layout-flow\">\n<div class=\"wp-block-image\"><figure class=\"alignleft size-large is-resized\"><img loading=\"lazy\" decoding=\"async\" src=\"https:\/\/eckert-advisory.de\/wp-content\/uploads\/2020\/08\/DYL-Certified-Coach-Logo-2-1_NEW.jpg\" alt=\"\" class=\"wp-image-17\" width=\"174\" height=\"146\"\/><\/figure><\/div>\n\n\n\n<p><\/p>\n<\/div><\/div>\n\n\n\n<div class=\"wp-block-group alignwide\"><div class=\"wp-block-group__inner-container is-layout-flow wp-block-group-is-layout-flow\">\n<div class=\"wp-block-media-text alignwide is-stacked-on-mobile\" style=\"grid-template-columns:38% auto\"><figure class=\"wp-block-media-text__media\"><img loading=\"lazy\" decoding=\"async\" width=\"365\" height=\"314\" src=\"https:\/\/eckert-advisory.de\/wp-content\/uploads\/2020\/08\/DYLFacilitator.jpg\" alt=\"\" class=\"wp-image-18\" srcset=\"https:\/\/eckert-advisory.de\/wp-content\/uploads\/2020\/08\/DYLFacilitator.jpg 365w, https:\/\/eckert-advisory.de\/wp-content\/uploads\/2020\/08\/DYLFacilitator-300x258.jpg 300w\" sizes=\"auto, (max-width: 365px) 100vw, 365px\" \/><\/figure><div class=\"wp-block-media-text__content\">\n<p class=\"has-large-font-size\"><\/p>\n<\/div><\/div>\n<\/div><\/div>\n","protected":false},"excerpt":{"rendered":"<p>Dr. Harald Eckert Meine Berufung W\u00e4hrend meiner gesamten beruflichen Karriere habe ich die Erkenntnis gewonnen, dass technologische Innovationen im IT-Bereich und die Digitalisierung nur dann erfolgreich und nutzenbringend waren , wenn bei deren Umsetzung die drei Dimensionen Mensch, Technologie und Prozesse koh\u00e4rent ber\u00fccksichtig wurden. Die bei der Beratung, Betreuung und Begleitung von Digitalisierung-Projekten in Unternehmen &hellip; <\/p>\n<p class=\"link-more\"><a href=\"https:\/\/eckert-advisory.de\/?page_id=27\" class=\"more-link\"><span class=\"screen-reader-text\">\u201e\u00dcber mich\u201c <\/span>weiterlesen<\/a><\/p>\n","protected":false},"author":1,"featured_media":0,"parent":0,"menu_order":0,"comment_status":"closed","ping_status":"closed","template":"","meta":{"ngg_post_thumbnail":0,"footnotes":""},"class_list":["post-27","page","type-page","status-publish","hentry"],"yoast_head":"<!-- This site is optimized with the Yoast SEO plugin v27.3 - https:\/\/yoast.com\/product\/yoast-seo-wordpress\/ -->\n<title>\u00dcber mich - Eckert Advisory<\/title>\n<meta name=\"robots\" content=\"index, follow, max-snippet:-1, max-image-preview:large, max-video-preview:-1\" \/>\n<link rel=\"canonical\" href=\"https:\/\/eckert-advisory.de\/?page_id=27\" \/>\n<meta property=\"og:locale\" content=\"de_DE\" \/>\n<meta property=\"og:type\" content=\"article\" \/>\n<meta property=\"og:title\" content=\"\u00dcber mich - Eckert Advisory\" \/>\n<meta property=\"og:description\" content=\"Dr. Harald Eckert Meine Berufung W\u00e4hrend meiner gesamten beruflichen Karriere habe ich die Erkenntnis gewonnen, dass technologische Innovationen im IT-Bereich und die Digitalisierung nur dann erfolgreich und nutzenbringend waren , wenn bei deren Umsetzung die drei Dimensionen Mensch, Technologie und Prozesse koh\u00e4rent ber\u00fccksichtig wurden. Die bei der Beratung, Betreuung und Begleitung von Digitalisierung-Projekten in Unternehmen &hellip; \u201e\u00dcber mich\u201c weiterlesen\" \/>\n<meta property=\"og:url\" content=\"https:\/\/eckert-advisory.de\/?page_id=27\" \/>\n<meta property=\"og:site_name\" content=\"Eckert Advisory\" \/>\n<meta property=\"article:modified_time\" content=\"2020-08-24T06:27:58+00:00\" \/>\n<meta property=\"og:image\" content=\"https:\/\/eckert-advisory.de\/wp-content\/uploads\/2020\/08\/Harald_1_v3-1-1024x951.jpeg\" \/>\n<meta name=\"twitter:card\" content=\"summary_large_image\" \/>\n<meta name=\"twitter:label1\" content=\"Gesch\u00e4tzte Lesezeit\" \/>\n\t<meta name=\"twitter:data1\" content=\"2\u00a0Minuten\" \/>\n<script type=\"application\/ld+json\" class=\"yoast-schema-graph\">{\"@context\":\"https:\\\/\\\/schema.org\",\"@graph\":[{\"@type\":\"WebPage\",\"@id\":\"https:\\\/\\\/eckert-advisory.de\\\/?page_id=27\",\"url\":\"https:\\\/\\\/eckert-advisory.de\\\/?page_id=27\",\"name\":\"\u00dcber mich - Eckert Advisory\",\"isPartOf\":{\"@id\":\"https:\\\/\\\/eckert-advisory.de\\\/#website\"},\"primaryImageOfPage\":{\"@id\":\"https:\\\/\\\/eckert-advisory.de\\\/?page_id=27#primaryimage\"},\"image\":{\"@id\":\"https:\\\/\\\/eckert-advisory.de\\\/?page_id=27#primaryimage\"},\"thumbnailUrl\":\"https:\\\/\\\/eckert-advisory.de\\\/wp-content\\\/uploads\\\/2020\\\/08\\\/Harald_1_v3-1-1024x951.jpeg\",\"datePublished\":\"2020-08-20T20:48:29+00:00\",\"dateModified\":\"2020-08-24T06:27:58+00:00\",\"breadcrumb\":{\"@id\":\"https:\\\/\\\/eckert-advisory.de\\\/?page_id=27#breadcrumb\"},\"inLanguage\":\"de\",\"potentialAction\":[{\"@type\":\"ReadAction\",\"target\":[\"https:\\\/\\\/eckert-advisory.de\\\/?page_id=27\"]}]},{\"@type\":\"ImageObject\",\"inLanguage\":\"de\",\"@id\":\"https:\\\/\\\/eckert-advisory.de\\\/?page_id=27#primaryimage\",\"url\":\"https:\\\/\\\/eckert-advisory.de\\\/wp-content\\\/uploads\\\/2020\\\/08\\\/Harald_1_v3-1-1024x951.jpeg\",\"contentUrl\":\"https:\\\/\\\/eckert-advisory.de\\\/wp-content\\\/uploads\\\/2020\\\/08\\\/Harald_1_v3-1-1024x951.jpeg\"},{\"@type\":\"BreadcrumbList\",\"@id\":\"https:\\\/\\\/eckert-advisory.de\\\/?page_id=27#breadcrumb\",\"itemListElement\":[{\"@type\":\"ListItem\",\"position\":1,\"name\":\"Home\",\"item\":\"https:\\\/\\\/eckert-advisory.de\\\/\"},{\"@type\":\"ListItem\",\"position\":2,\"name\":\"\u00dcber mich\"}]},{\"@type\":\"WebSite\",\"@id\":\"https:\\\/\\\/eckert-advisory.de\\\/#website\",\"url\":\"https:\\\/\\\/eckert-advisory.de\\\/\",\"name\":\"Eckert Advisory\",\"description\":\"Digitalisierung erfolgreich menschlich\",\"potentialAction\":[{\"@type\":\"SearchAction\",\"target\":{\"@type\":\"EntryPoint\",\"urlTemplate\":\"https:\\\/\\\/eckert-advisory.de\\\/?s={search_term_string}\"},\"query-input\":{\"@type\":\"PropertyValueSpecification\",\"valueRequired\":true,\"valueName\":\"search_term_string\"}}],\"inLanguage\":\"de\"}]}<\/script>\n<!-- \/ Yoast SEO plugin. -->","yoast_head_json":{"title":"\u00dcber mich - Eckert Advisory","robots":{"index":"index","follow":"follow","max-snippet":"max-snippet:-1","max-image-preview":"max-image-preview:large","max-video-preview":"max-video-preview:-1"},"canonical":"https:\/\/eckert-advisory.de\/?page_id=27","og_locale":"de_DE","og_type":"article","og_title":"\u00dcber mich - Eckert Advisory","og_description":"Dr. Harald Eckert Meine Berufung W\u00e4hrend meiner gesamten beruflichen Karriere habe ich die Erkenntnis gewonnen, dass technologische Innovationen im IT-Bereich und die Digitalisierung nur dann erfolgreich und nutzenbringend waren , wenn bei deren Umsetzung die drei Dimensionen Mensch, Technologie und Prozesse koh\u00e4rent ber\u00fccksichtig wurden. Die bei der Beratung, Betreuung und Begleitung von Digitalisierung-Projekten in Unternehmen &hellip; \u201e\u00dcber mich\u201c weiterlesen","og_url":"https:\/\/eckert-advisory.de\/?page_id=27","og_site_name":"Eckert Advisory","article_modified_time":"2020-08-24T06:27:58+00:00","og_image":[{"url":"https:\/\/eckert-advisory.de\/wp-content\/uploads\/2020\/08\/Harald_1_v3-1-1024x951.jpeg","type":"","width":"","height":""}],"twitter_card":"summary_large_image","twitter_misc":{"Gesch\u00e4tzte Lesezeit":"2\u00a0Minuten"},"schema":{"@context":"https:\/\/schema.org","@graph":[{"@type":"WebPage","@id":"https:\/\/eckert-advisory.de\/?page_id=27","url":"https:\/\/eckert-advisory.de\/?page_id=27","name":"\u00dcber mich - Eckert Advisory","isPartOf":{"@id":"https:\/\/eckert-advisory.de\/#website"},"primaryImageOfPage":{"@id":"https:\/\/eckert-advisory.de\/?page_id=27#primaryimage"},"image":{"@id":"https:\/\/eckert-advisory.de\/?page_id=27#primaryimage"},"thumbnailUrl":"https:\/\/eckert-advisory.de\/wp-content\/uploads\/2020\/08\/Harald_1_v3-1-1024x951.jpeg","datePublished":"2020-08-20T20:48:29+00:00","dateModified":"2020-08-24T06:27:58+00:00","breadcrumb":{"@id":"https:\/\/eckert-advisory.de\/?page_id=27#breadcrumb"},"inLanguage":"de","potentialAction":[{"@type":"ReadAction","target":["https:\/\/eckert-advisory.de\/?page_id=27"]}]},{"@type":"ImageObject","inLanguage":"de","@id":"https:\/\/eckert-advisory.de\/?page_id=27#primaryimage","url":"https:\/\/eckert-advisory.de\/wp-content\/uploads\/2020\/08\/Harald_1_v3-1-1024x951.jpeg","contentUrl":"https:\/\/eckert-advisory.de\/wp-content\/uploads\/2020\/08\/Harald_1_v3-1-1024x951.jpeg"},{"@type":"BreadcrumbList","@id":"https:\/\/eckert-advisory.de\/?page_id=27#breadcrumb","itemListElement":[{"@type":"ListItem","position":1,"name":"Home","item":"https:\/\/eckert-advisory.de\/"},{"@type":"ListItem","position":2,"name":"\u00dcber mich"}]},{"@type":"WebSite","@id":"https:\/\/eckert-advisory.de\/#website","url":"https:\/\/eckert-advisory.de\/","name":"Eckert Advisory","description":"Digitalisierung erfolgreich menschlich","potentialAction":[{"@type":"SearchAction","target":{"@type":"EntryPoint","urlTemplate":"https:\/\/eckert-advisory.de\/?s={search_term_string}"},"query-input":{"@type":"PropertyValueSpecification","valueRequired":true,"valueName":"search_term_string"}}],"inLanguage":"de"}]}},"_links":{"self":[{"href":"https:\/\/eckert-advisory.de\/index.php?rest_route=\/wp\/v2\/pages\/27","targetHints":{"allow":["GET"]}}],"collection":[{"href":"https:\/\/eckert-advisory.de\/index.php?rest_route=\/wp\/v2\/pages"}],"about":[{"href":"https:\/\/eckert-advisory.de\/index.php?rest_route=\/wp\/v2\/types\/page"}],"author":[{"embeddable":true,"href":"https:\/\/eckert-advisory.de\/index.php?rest_route=\/wp\/v2\/users\/1"}],"replies":[{"embeddable":true,"href":"https:\/\/eckert-advisory.de\/index.php?rest_route=%2Fwp%2Fv2%2Fcomments&post=27"}],"version-history":[{"count":8,"href":"https:\/\/eckert-advisory.de\/index.php?rest_route=\/wp\/v2\/pages\/27\/revisions"}],"predecessor-version":[{"id":193,"href":"https:\/\/eckert-advisory.de\/index.php?rest_route=\/wp\/v2\/pages\/27\/revisions\/193"}],"wp:attachment":[{"href":"https:\/\/eckert-advisory.de\/index.php?rest_route=%2Fwp%2Fv2%2Fmedia&parent=27"}],"curies":[{"name":"wp","href":"https:\/\/api.w.org\/{rel}","templated":true}]}}