{"id":51,"date":"2020-08-20T21:24:35","date_gmt":"2020-08-20T21:24:35","guid":{"rendered":"https:\/\/eckert-advisory.de\/?page_id=51"},"modified":"2020-08-25T06:39:31","modified_gmt":"2020-08-25T06:39:31","slug":"designing-your-life-2","status":"publish","type":"page","link":"https:\/\/eckert-advisory.de\/?page_id=51","title":{"rendered":"Designing Your Life"},"content":{"rendered":"\n<p><em>\u201cIt\u2019s never too late to design a life you love.\u201c<\/em><\/p>\n\n\n\n<figure class=\"wp-block-image size-large is-resized is-style-default\"><img loading=\"lazy\" decoding=\"async\" src=\"https:\/\/eckert-advisory.de\/wp-content\/uploads\/2020\/08\/DYLRetreat_test2-1024x304.jpg\" alt=\"\" class=\"wp-image-33\" width=\"716\" height=\"212\" srcset=\"https:\/\/eckert-advisory.de\/wp-content\/uploads\/2020\/08\/DYLRetreat_test2-1024x304.jpg 1024w, https:\/\/eckert-advisory.de\/wp-content\/uploads\/2020\/08\/DYLRetreat_test2-300x89.jpg 300w, https:\/\/eckert-advisory.de\/wp-content\/uploads\/2020\/08\/DYLRetreat_test2-768x228.jpg 768w, https:\/\/eckert-advisory.de\/wp-content\/uploads\/2020\/08\/DYLRetreat_test2-1536x456.jpg 1536w, https:\/\/eckert-advisory.de\/wp-content\/uploads\/2020\/08\/DYLRetreat_test2-2048x608.jpg 2048w\" sizes=\"auto, (max-width: 716px) 100vw, 716px\" \/><figcaption><span style=\"color:#e4dada\" class=\"has-inline-color\">Nehme dir die Zeit f\u00fcr das wichtigste Design Projekt<\/span><strong><span style=\"color:#e4dada\" class=\"has-inline-color\">:  Dein Leben<\/span><\/strong><\/figcaption><\/figure>\n\n\n\n<h2 class=\"wp-block-heading\"><strong>Warum das Leben &#8222;designen&#8220; ?<\/strong><\/h2>\n\n\n\n<p>Digitalisierung + Gewinnorientierung in dem System in dem wir leben heisst einen permanenten Ver\u00e4nderungsdruck gegen\u00fcber zu stehen. Aber auch andere \u00e4u\u00dfere Faktoren (wie Globalisierung, Pandemien, neue Arbeits- und Lebensmodelle) f\u00fchren zu Lebenssituationen, die einem Lebens-&#8222;Design&#8220; bed\u00fcrfen, um folgende fundamentale Fragen zu adressieren:<\/p>\n\n\n\n<ol class=\"wp-block-list\"><li><em>Was wollen wir wirklich im Leben? <\/em><\/li><li><em>Wo stehen wir (&#8222;you are here&#8220;)?<\/em><\/li><li>W<em>as blockiert uns in der Umsetzung<\/em> (&#8222;dysfunctional beliefs&#8220;)<\/li><li><em>Wie koh\u00e4rent ist Arbeit \/ Leben mit der Unternehmung + der Ver\u00e4nderung der Digitalisierung verwoben?<\/em><\/li><li><em>Was kann getan werden (Aktionsorientierung)? <\/em><\/li><li><em>Wie kann mehr Eigenverantwortung \u00fcbernommen werden?<\/em><\/li><\/ol>\n\n\n\n<p><\/p>\n\n\n\n<h2 class=\"has-text-align-left wp-block-heading\" id=\"HE_DYL_Offering\" style=\"font-size:17px\"><strong>Was ist die &#8222;Designing Your Life&#8220; Methode?<\/strong>&nbsp;<\/h2>\n\n\n\n<p id=\"HE_DYL_Offering\">Mit ihrem \u00e4u\u00dferst erfolgreichen Konzept &#8222;Designing Your Life&#8220; haben Bill Burnett und Dave Evans, die Pioniere aus dem Silicon Valley und Professoren der Stanford University, tausenden von Menschen geholfen, ihr Leben und ihre Karriere zu ver\u00e4ndern.<br>Sie sind \u00fcberzeugt, dass Menschen, um sich zu ver\u00e4ndern und weiterzuentwickeln, einen Prozess &#8211; einen Designprozess &#8211; ben\u00f6tigen, der ihnen hilft, herauszufinden, <strong>was<\/strong> sie wollen und <strong>wie <\/strong>sie es erschaffen k\u00f6nnen. Sie entwickelten daher basierend auf Design Thinking und ihren Erfahrungen die Life Design\u00a9-Methode und haben einen gro\u00dfen Teil ihres Wissens in dem New York Times-Bestseller &#8222;Designing Your Life &#8211; How to Build a Well-Lived,  Joyful Life&#8220; zusammengetragen und mittlerweile erg\u00e4nzt durch ein weiteres Buch mit einem Work Focus. <br><img loading=\"lazy\" decoding=\"async\" width=\"150\" height=\"203\" class=\"wp-image-74\" style=\"width: 150px;\" src=\"https:\/\/eckert-advisory.de\/wp-content\/uploads\/2020\/08\/BurnettEvans_DesigningYourLife_Book_v5.png\" alt=\"Der Bestseller\" srcset=\"https:\/\/eckert-advisory.de\/wp-content\/uploads\/2020\/08\/BurnettEvans_DesigningYourLife_Book_v5.png 700w, https:\/\/eckert-advisory.de\/wp-content\/uploads\/2020\/08\/BurnettEvans_DesigningYourLife_Book_v5-222x300.png 222w\" sizes=\"auto, (max-width: 150px) 100vw, 150px\" \/><img loading=\"lazy\" decoding=\"async\" width=\"220\" height=\"173\" class=\"wp-image-153\" style=\"width: 220px;\" src=\"https:\/\/eckert-advisory.de\/wp-content\/uploads\/2020\/08\/83488628_2280604705413228_4012151159916593152_n.jpg\" alt=\"\" srcset=\"https:\/\/eckert-advisory.de\/wp-content\/uploads\/2020\/08\/83488628_2280604705413228_4012151159916593152_n.jpg 386w, https:\/\/eckert-advisory.de\/wp-content\/uploads\/2020\/08\/83488628_2280604705413228_4012151159916593152_n-300x235.jpg 300w\" sizes=\"auto, (max-width: 220px) 100vw, 220px\" \/><br><\/p>\n\n\n\n<h2 class=\"wp-block-heading\"><strong>Lernen vom Original und <strong>Mein Angebot<\/strong><\/strong><\/h2>\n\n\n\n<p>Ich bin \u00fcberzeugt, dass Personen, Unternehmen Organisationen ihren Weg nicht nur nach vorne denken, sondern handlungsorientiert nach vorne &#8222;bauen&#8220; \/ designen sollten <br>&#8211; Schritt f\u00fcr Schritt.&nbsp;<br>Gerade bei der Adaption neuer IT-Technologien (wie z.B. der K\u00fcnstlichen Intelligenz, Robotik), der Digitalisierung und der Transformation  von Industrien und Gesellschaften bis hin zum Individuum m\u00f6chte ich meine Kunden deshalb ermutigen, sich auf &#8222;gesunde&#8220; Weise + koh\u00e4rent zu entwickeln. Dazu geh\u00f6rt sich ihrer St\u00e4rken bewusst zu sein, Chancen zu identifizieren aber auch Risiken auf dem Schirm zu haben und Barrieren zu beseitigen, die der Ver\u00e4nderung und dem Wachstum auf organisatorischer und individueller Ebene im Wege stehen.<\/p>\n\n\n\n<p>Abschlie\u00dfend wurde ich von ihnen sowohl als &#8222;Designing Your Life Coach&#8220; als auch &#8222;Workshop Facilitator&#8220; zertifiziert.<br><img loading=\"lazy\" decoding=\"async\" width=\"140\" height=\"162\" class=\"wp-image-73\" style=\"width: 140px;\" src=\"https:\/\/eckert-advisory.de\/wp-content\/uploads\/2020\/08\/IMG_6170-scaled.jpg\" alt=\"\" srcset=\"https:\/\/eckert-advisory.de\/wp-content\/uploads\/2020\/08\/IMG_6170-scaled.jpg 2210w, https:\/\/eckert-advisory.de\/wp-content\/uploads\/2020\/08\/IMG_6170-259x300.jpg 259w, https:\/\/eckert-advisory.de\/wp-content\/uploads\/2020\/08\/IMG_6170-884x1024.jpg 884w, https:\/\/eckert-advisory.de\/wp-content\/uploads\/2020\/08\/IMG_6170-768x890.jpg 768w, https:\/\/eckert-advisory.de\/wp-content\/uploads\/2020\/08\/IMG_6170-1326x1536.jpg 1326w, https:\/\/eckert-advisory.de\/wp-content\/uploads\/2020\/08\/IMG_6170-1768x2048.jpg 1768w\" sizes=\"auto, (max-width: 140px) 100vw, 140px\" \/><img loading=\"lazy\" decoding=\"async\" width=\"185\" height=\"156\" class=\"wp-image-166\" style=\"width: 185px;\" src=\"https:\/\/eckert-advisory.de\/wp-content\/uploads\/2020\/08\/DYL-Certified-Coach-Logo-2-1_NEW-1.jpg\" alt=\"\"><img loading=\"lazy\" decoding=\"async\" width=\"185\" height=\"159\" class=\"wp-image-18\" style=\"width: 185px;\" src=\"https:\/\/eckert-advisory.de\/wp-content\/uploads\/2020\/08\/DYLFacilitator.jpg\" alt=\"\" srcset=\"https:\/\/eckert-advisory.de\/wp-content\/uploads\/2020\/08\/DYLFacilitator.jpg 365w, https:\/\/eckert-advisory.de\/wp-content\/uploads\/2020\/08\/DYLFacilitator-300x258.jpg 300w\" sizes=\"auto, (max-width: 185px) 100vw, 185px\" \/><\/p>\n\n\n\n<p>Somit kann ich einzelnen Menschen \/ Gruppen \/ Unternehmen situationsbedingt in ihrem Ver\u00e4nderungsprozess sowohl Workshops als auch begleitende \/ erg\u00e4nzende Coachings anbieten. <\/p>\n\n\n\n<h3 class=\"wp-block-heading\">Coaching f\u00fcr Teams \/ Einzelpersonen<\/h3>\n\n\n\n<p>In verschieden Lebensphasen und gerade bei disruptiven Ver\u00e4nderungen stellen sich oft folgende Fragestellungen :<\/p>\n\n\n\n<ul class=\"wp-block-list\"><li>Suchen Sie einen Job, den Sie wirklich m\u00f6gen oder vielleicht sogar lieben?<\/li><li><span style=\"font-size: 1rem;\">Fragen Sie sich, wie Sie Ihre Karriere und Ihre Familie unter einen Hut bringen k\u00f6nnen?<\/span><\/li><li>Erw\u00e4gen Sie einen Berufswechsel und wissen nicht, wo Sie anfangen sollen?<\/li><li>Befinden Sie sich in einer Art \u00dcbergangsphase und k\u00f6nnten einige gute Werkzeuge und Hilfen gebrauchen?<\/li><li>Ein Lebensabschnitt ist erfolgreich beendet aber Sie fragen sich: Was kommt danach?<\/li><li>Denken Sie \u00fcber Ihr weiteres Leben nach, was Sie als n\u00e4chstes tun m\u00f6chten?<\/li><li>Haben Sie generell das Gef\u00fchl, dass Ihr Leben im Grossen und Ganzen ziemlich gut ist, aber es noch besser sein k\u00f6nnte?<\/li><li>F\u00fchlen Sie sich gefangen \/ festgefahren ?<\/li><\/ul>\n\n\n\n<p>Einzelpersonen aber auch Gruppen \/ Teams biete ich bei diesen Fragestellungen basierend auf der Design Your Life Methode ein <strong>Coaching-Format<\/strong> an. <br>Dieses umfasst neben einer individuellen Analyse der as-is \/ &#8222;You are here&#8220; Ausgangslage die abgestimmte Selektion von Werkzeugen und deren Anwendung in &#8222;Prototypen&#8220;; <\/p>\n\n\n\n<h3 class=\"wp-block-heading\">Was nehmen meine Coachees mit ?<\/h3>\n\n\n\n<p>Klarheit dar\u00fcber, wo sie gerade stehen und was Ihre Sicht auf die Arbeit \/ das Leben ist, die als Kompass auf dem Ver\u00e4nderungsweg dient. <br>Sehr effektive Herangehensweisen an Ihre Balance und Energiemanagement.<br>Radikal andere \/ neue L\u00f6sungsans\u00e4tze f\u00fcr Probleme, die Sie schone lange begleiten, M\u00f6glichkeiten, Ihre Entscheidungsfindung zu verbessern und zu verfeinern <br>Drei von Ihnen gestaltete Zukunftsentw\u00fcrfe \u2013 &#8222;Odyssee-Pl\u00e4ne&#8220; &#8211; f\u00fcr Ihr Leben als Quelle der Inspiration f\u00fcr Ver\u00e4nderungen,  und Hilfe bei Entscheidungen zwischen Alternativen oder deren Bewertung.&nbsp;<br>  <\/p>\n\n\n\n<h3 class=\"wp-block-heading\"> Angebote f\u00fcr Unternehmen &amp; Organisationen<\/h3>\n\n\n\n<p>Neue Organisationsformen, Digitalisierungsprojekte sowie disruptive \u00c4nderungen von Prozessen und Technologien verlangen von den Mitarbeitern mehr Selbstorganisation und Eigenverantwortung und die Mitarbeiter von ihren Arbeit auch mehr Sinnhaftigkeit. <br>Indem Unternehmen in dieser Situation<strong> &#8222;Designing Your Life&#8220; Workshops <\/strong>anbieten, ver\u00e4ndern sie ihre Mitarbeitererfahrung + erreichen die notwendige Koh\u00e4renz zwischen den 3 Dimensionen Menschen, Prozessen und Technologien als Erfolgsfaktoren der Digitalisierung und setzen ein Zeichen, dass Sie die Belange der Mitarbeiter ernst nehmen und eine moderne Unternehmens &#8211; und F\u00fchrungskultur etablieren wollen. <br>Damit wird ihre Attraktivit\u00e4t im Kampf um Fachkr\u00e4fte gest\u00e4rkt und das Image eines modernen Unternehmens kreiert.<\/p>\n\n\n\n<h3 class=\"wp-block-heading\">Was nehmen meine Unternehmen mit?<\/h3>\n\n\n\n<ul class=\"wp-block-list\"><li><strong>Unterst\u00fctzen Ihre F\u00fchrungskr\u00e4fte f\u00fcr morgen:<\/strong> In Designing Your Life Workshop lernen angehende F\u00fchrungskr\u00e4fte wie Designer zu denken, Eigenverantwortung f\u00fcr Ihre Karriere zu \u00fcbernehmen und den zu f\u00fchrenden Mitarbeitern vorzuleben und nachhaltig diese Kultur zu etablieren, sowie gezielt Prototypen zu nutzen, um f\u00fcr Entscheidungen einen risikoarmen Erkenntniszugewinn zu haben.  <\/li><li><strong style=\"font-size: 1rem;\">Etablieren einen innovativen Denkansatz zur Probleml\u00f6sung:&nbsp;<\/strong><span style=\"font-size: 1rem;\">Designing Your Life Workshops bef\u00e4higen Mitarbeiter, eine innovative Probleml\u00f6sungshaltung nicht nur in Bezug auf ihre eigene Karriere und ihr Leben anzuwenden, sondern auch bei jeder anderen Art von Herausforderung in ihrem Gesch\u00e4ftsalltag.<\/span><\/li><li><strong>Erh\u00f6hen das Mitarbeiter-Engagement:<\/strong>&nbsp;Umfragen zeigen, dass das Angebot von Life Design einen positiven Einfluss auf das Engagement und die Eigenverantwortung der Mitarbeiter hinsichtlich ihrer Karriere hat.<\/li><li><strong>F\u00f6rdern eine innovative und eigenverantwortliche Karriereentwicklung:&nbsp;<\/strong>Geben Sie Ihren Mitarbeitern einen &#8222;Werkzeugkasten&#8220; und einen Design Thinking Prozess an die Hand, damit sie ihre Karriere effektiver und eigenverantwortlich gestalten k\u00f6nnen. Diese neuen Instrumente helfen &nbsp;ihren Mitarbeiter auch, mit ihren Managern \u00fcber ihre Ziele zu sprechen. <\/li><li><strong>Steigern Wohlbefinden und Balance der Mitarbeiter:<\/strong>&nbsp;Geben Sie Mitarbeitern Instrumente an die Hand, um die eigene Balance, berufliche Koh\u00e4renz und das eigene Wohlbefinden nachhaltig und effektiv zu verbessern<\/li><li><strong>Werden als Arbeitgeber<\/strong> <strong>attraktiver<\/strong>!<\/li><\/ul>\n\n\n\n<p>Diese Workshops f\u00fcr Unternehmen biete ich unter der F\u00fchrung von <strong>+Rasmussen<\/strong> an den ersten zertifizierten Designing Your Life &#8211; Workshop-Anbieter in DACH. <br>Wir freuen uns darauf, Ihnen dabei zu helfen, einige dysfunktionale \u00dcberzeugungen aus einer neuen Perspektive zu betrachten, Sie zu ermutigen, neugierig zu sein und Dinge auszuprobieren. Dabei sind Sie nicht allein &#8211; wir werden mit Ihnen in einem radikal kollaborativen Prozess zusammenarbeiten.&nbsp;<\/p>\n\n\n\n<h2 class=\"wp-block-heading\"><strong>Was sagen Teilnehmer meines Coaching ?<\/strong><\/h2>\n\n\n\n<figure class=\"wp-block-pullquote is-style-default\"><blockquote><p><em>\u201cAt first I was hesitant to do the three 5-year-plans. I don\u2019t usually believe in planning my life that far into the future. But once I was done with my wildcard life, it was mind-blowing. I had come up with a plan that energized me so much that for the first time in my life I actually sincerely think about this life as a realistic option. That is something I never would have imagined. \u201c<\/em><\/p><cite>F\u00fchrungskraft in einem High-Tech Unternehmen<\/cite><\/blockquote><\/figure>\n\n\n\n<figure class=\"wp-block-pullquote\"><blockquote><p><em>\u201cHarald was super helpful in the process and guided me very professionally when I was hesitant. <\/em><br><em>His empathy was a key to my achieving the breakthrough I was hoping for. It is always a pleasure talking to him and exchanging in DYL. \u201c<\/em><\/p><\/blockquote><\/figure>\n","protected":false},"excerpt":{"rendered":"<p>\u201cIt\u2019s never too late to design a life you love.\u201c Warum das Leben &#8222;designen&#8220; ? Digitalisierung + Gewinnorientierung in dem System in dem wir leben heisst einen permanenten Ver\u00e4nderungsdruck gegen\u00fcber zu stehen. Aber auch andere \u00e4u\u00dfere Faktoren (wie Globalisierung, Pandemien, neue Arbeits- und Lebensmodelle) f\u00fchren zu Lebenssituationen, die einem Lebens-&#8222;Design&#8220; bed\u00fcrfen, um folgende fundamentale Fragen &hellip; <\/p>\n<p class=\"link-more\"><a href=\"https:\/\/eckert-advisory.de\/?page_id=51\" class=\"more-link\"><span class=\"screen-reader-text\">\u201eDesigning Your Life\u201c <\/span>weiterlesen<\/a><\/p>\n","protected":false},"author":1,"featured_media":0,"parent":0,"menu_order":0,"comment_status":"closed","ping_status":"closed","template":"","meta":{"ngg_post_thumbnail":0,"footnotes":""},"class_list":["post-51","page","type-page","status-publish","hentry"],"yoast_head":"<!-- This site is optimized with the Yoast SEO plugin v27.3 - https:\/\/yoast.com\/product\/yoast-seo-wordpress\/ -->\n<title>Designing Your Life - Eckert Advisory<\/title>\n<meta name=\"robots\" content=\"index, follow, max-snippet:-1, max-image-preview:large, max-video-preview:-1\" \/>\n<link rel=\"canonical\" href=\"https:\/\/eckert-advisory.de\/?page_id=51\" \/>\n<meta property=\"og:locale\" content=\"de_DE\" \/>\n<meta property=\"og:type\" content=\"article\" \/>\n<meta property=\"og:title\" content=\"Designing Your Life - Eckert Advisory\" \/>\n<meta property=\"og:description\" content=\"\u201cIt\u2019s never too late to design a life you love.\u201c Warum das Leben &#8222;designen&#8220; ? Digitalisierung + Gewinnorientierung in dem System in dem wir leben heisst einen permanenten Ver\u00e4nderungsdruck gegen\u00fcber zu stehen. Aber auch andere \u00e4u\u00dfere Faktoren (wie Globalisierung, Pandemien, neue Arbeits- und Lebensmodelle) f\u00fchren zu Lebenssituationen, die einem Lebens-&#8222;Design&#8220; bed\u00fcrfen, um folgende fundamentale Fragen &hellip; \u201eDesigning Your Life\u201c weiterlesen\" \/>\n<meta property=\"og:url\" content=\"https:\/\/eckert-advisory.de\/?page_id=51\" \/>\n<meta property=\"og:site_name\" content=\"Eckert Advisory\" \/>\n<meta property=\"article:modified_time\" content=\"2020-08-25T06:39:31+00:00\" \/>\n<meta property=\"og:image\" content=\"https:\/\/eckert-advisory.de\/wp-content\/uploads\/2020\/08\/DYLRetreat_test2-1024x304.jpg\" \/>\n<meta name=\"twitter:card\" content=\"summary_large_image\" \/>\n<meta name=\"twitter:label1\" content=\"Gesch\u00e4tzte Lesezeit\" \/>\n\t<meta name=\"twitter:data1\" content=\"6\u00a0Minuten\" \/>\n<script type=\"application\/ld+json\" class=\"yoast-schema-graph\">{\"@context\":\"https:\\\/\\\/schema.org\",\"@graph\":[{\"@type\":\"WebPage\",\"@id\":\"https:\\\/\\\/eckert-advisory.de\\\/?page_id=51\",\"url\":\"https:\\\/\\\/eckert-advisory.de\\\/?page_id=51\",\"name\":\"Designing Your Life - Eckert Advisory\",\"isPartOf\":{\"@id\":\"https:\\\/\\\/eckert-advisory.de\\\/#website\"},\"primaryImageOfPage\":{\"@id\":\"https:\\\/\\\/eckert-advisory.de\\\/?page_id=51#primaryimage\"},\"image\":{\"@id\":\"https:\\\/\\\/eckert-advisory.de\\\/?page_id=51#primaryimage\"},\"thumbnailUrl\":\"https:\\\/\\\/eckert-advisory.de\\\/wp-content\\\/uploads\\\/2020\\\/08\\\/DYLRetreat_test2-1024x304.jpg\",\"datePublished\":\"2020-08-20T21:24:35+00:00\",\"dateModified\":\"2020-08-25T06:39:31+00:00\",\"breadcrumb\":{\"@id\":\"https:\\\/\\\/eckert-advisory.de\\\/?page_id=51#breadcrumb\"},\"inLanguage\":\"de\",\"potentialAction\":[{\"@type\":\"ReadAction\",\"target\":[\"https:\\\/\\\/eckert-advisory.de\\\/?page_id=51\"]}]},{\"@type\":\"ImageObject\",\"inLanguage\":\"de\",\"@id\":\"https:\\\/\\\/eckert-advisory.de\\\/?page_id=51#primaryimage\",\"url\":\"https:\\\/\\\/eckert-advisory.de\\\/wp-content\\\/uploads\\\/2020\\\/08\\\/DYLRetreat_test2-scaled.jpg\",\"contentUrl\":\"https:\\\/\\\/eckert-advisory.de\\\/wp-content\\\/uploads\\\/2020\\\/08\\\/DYLRetreat_test2-scaled.jpg\",\"width\":2560,\"height\":760},{\"@type\":\"BreadcrumbList\",\"@id\":\"https:\\\/\\\/eckert-advisory.de\\\/?page_id=51#breadcrumb\",\"itemListElement\":[{\"@type\":\"ListItem\",\"position\":1,\"name\":\"Home\",\"item\":\"https:\\\/\\\/eckert-advisory.de\\\/\"},{\"@type\":\"ListItem\",\"position\":2,\"name\":\"Designing Your Life\"}]},{\"@type\":\"WebSite\",\"@id\":\"https:\\\/\\\/eckert-advisory.de\\\/#website\",\"url\":\"https:\\\/\\\/eckert-advisory.de\\\/\",\"name\":\"Eckert Advisory\",\"description\":\"Digitalisierung erfolgreich menschlich\",\"potentialAction\":[{\"@type\":\"SearchAction\",\"target\":{\"@type\":\"EntryPoint\",\"urlTemplate\":\"https:\\\/\\\/eckert-advisory.de\\\/?s={search_term_string}\"},\"query-input\":{\"@type\":\"PropertyValueSpecification\",\"valueRequired\":true,\"valueName\":\"search_term_string\"}}],\"inLanguage\":\"de\"}]}<\/script>\n<!-- \/ Yoast SEO plugin. -->","yoast_head_json":{"title":"Designing Your Life - Eckert Advisory","robots":{"index":"index","follow":"follow","max-snippet":"max-snippet:-1","max-image-preview":"max-image-preview:large","max-video-preview":"max-video-preview:-1"},"canonical":"https:\/\/eckert-advisory.de\/?page_id=51","og_locale":"de_DE","og_type":"article","og_title":"Designing Your Life - Eckert Advisory","og_description":"\u201cIt\u2019s never too late to design a life you love.\u201c Warum das Leben &#8222;designen&#8220; ? Digitalisierung + Gewinnorientierung in dem System in dem wir leben heisst einen permanenten Ver\u00e4nderungsdruck gegen\u00fcber zu stehen. Aber auch andere \u00e4u\u00dfere Faktoren (wie Globalisierung, Pandemien, neue Arbeits- und Lebensmodelle) f\u00fchren zu Lebenssituationen, die einem Lebens-&#8222;Design&#8220; bed\u00fcrfen, um folgende fundamentale Fragen &hellip; \u201eDesigning Your Life\u201c weiterlesen","og_url":"https:\/\/eckert-advisory.de\/?page_id=51","og_site_name":"Eckert Advisory","article_modified_time":"2020-08-25T06:39:31+00:00","og_image":[{"url":"https:\/\/eckert-advisory.de\/wp-content\/uploads\/2020\/08\/DYLRetreat_test2-1024x304.jpg","type":"","width":"","height":""}],"twitter_card":"summary_large_image","twitter_misc":{"Gesch\u00e4tzte Lesezeit":"6\u00a0Minuten"},"schema":{"@context":"https:\/\/schema.org","@graph":[{"@type":"WebPage","@id":"https:\/\/eckert-advisory.de\/?page_id=51","url":"https:\/\/eckert-advisory.de\/?page_id=51","name":"Designing Your Life - Eckert Advisory","isPartOf":{"@id":"https:\/\/eckert-advisory.de\/#website"},"primaryImageOfPage":{"@id":"https:\/\/eckert-advisory.de\/?page_id=51#primaryimage"},"image":{"@id":"https:\/\/eckert-advisory.de\/?page_id=51#primaryimage"},"thumbnailUrl":"https:\/\/eckert-advisory.de\/wp-content\/uploads\/2020\/08\/DYLRetreat_test2-1024x304.jpg","datePublished":"2020-08-20T21:24:35+00:00","dateModified":"2020-08-25T06:39:31+00:00","breadcrumb":{"@id":"https:\/\/eckert-advisory.de\/?page_id=51#breadcrumb"},"inLanguage":"de","potentialAction":[{"@type":"ReadAction","target":["https:\/\/eckert-advisory.de\/?page_id=51"]}]},{"@type":"ImageObject","inLanguage":"de","@id":"https:\/\/eckert-advisory.de\/?page_id=51#primaryimage","url":"https:\/\/eckert-advisory.de\/wp-content\/uploads\/2020\/08\/DYLRetreat_test2-scaled.jpg","contentUrl":"https:\/\/eckert-advisory.de\/wp-content\/uploads\/2020\/08\/DYLRetreat_test2-scaled.jpg","width":2560,"height":760},{"@type":"BreadcrumbList","@id":"https:\/\/eckert-advisory.de\/?page_id=51#breadcrumb","itemListElement":[{"@type":"ListItem","position":1,"name":"Home","item":"https:\/\/eckert-advisory.de\/"},{"@type":"ListItem","position":2,"name":"Designing Your Life"}]},{"@type":"WebSite","@id":"https:\/\/eckert-advisory.de\/#website","url":"https:\/\/eckert-advisory.de\/","name":"Eckert Advisory","description":"Digitalisierung erfolgreich menschlich","potentialAction":[{"@type":"SearchAction","target":{"@type":"EntryPoint","urlTemplate":"https:\/\/eckert-advisory.de\/?s={search_term_string}"},"query-input":{"@type":"PropertyValueSpecification","valueRequired":true,"valueName":"search_term_string"}}],"inLanguage":"de"}]}},"_links":{"self":[{"href":"https:\/\/eckert-advisory.de\/index.php?rest_route=\/wp\/v2\/pages\/51","targetHints":{"allow":["GET"]}}],"collection":[{"href":"https:\/\/eckert-advisory.de\/index.php?rest_route=\/wp\/v2\/pages"}],"about":[{"href":"https:\/\/eckert-advisory.de\/index.php?rest_route=\/wp\/v2\/types\/page"}],"author":[{"embeddable":true,"href":"https:\/\/eckert-advisory.de\/index.php?rest_route=\/wp\/v2\/users\/1"}],"replies":[{"embeddable":true,"href":"https:\/\/eckert-advisory.de\/index.php?rest_route=%2Fwp%2Fv2%2Fcomments&post=51"}],"version-history":[{"count":23,"href":"https:\/\/eckert-advisory.de\/index.php?rest_route=\/wp\/v2\/pages\/51\/revisions"}],"predecessor-version":[{"id":213,"href":"https:\/\/eckert-advisory.de\/index.php?rest_route=\/wp\/v2\/pages\/51\/revisions\/213"}],"wp:attachment":[{"href":"https:\/\/eckert-advisory.de\/index.php?rest_route=%2Fwp%2Fv2%2Fmedia&parent=51"}],"curies":[{"name":"wp","href":"https:\/\/api.w.org\/{rel}","templated":true}]}}