{"id":8,"date":"2020-08-20T20:08:07","date_gmt":"2020-08-20T20:08:07","guid":{"rendered":"https:\/\/eckert-advisory.de\/?page_id=8"},"modified":"2020-08-24T11:13:47","modified_gmt":"2020-08-24T11:13:47","slug":"blog","status":"publish","type":"page","link":"https:\/\/eckert-advisory.de\/?page_id=8","title":{"rendered":"Coaching"},"content":{"rendered":"\n<h2 class=\"wp-block-heading\">Mein Coaching: Empathisch, St\u00e4rkenorientiert, Authentisch<\/h2>\n\n\n\n<h3 class=\"wp-block-heading\">Hilfe zur Selbsthilfe<\/h3>\n\n\n\n<p>Ich verstehe mich als Unterst\u00fctzer bei der eigenverantwortlichen L\u00f6sung von Problemen durch den Coachee selbst. Es geht um die Erarbeitung neuer Verhaltensmuster. <br>Da Sie das Ziel selbst formulieren und die L\u00f6sung (mit meiner Unterst\u00fctzung) selbst erarbeiten, k\u00f6nnen die besten Umsetzungserfolge erzielt werden und das auch nachhaltig. Durch den ganzheitlichen, <strong>systemischen<\/strong> Ansatz ber\u00fccksichtige ich auch die Auswirkungen auf das Umfeld des Coachees. <br>Ich gehe dabei st\u00e4rkenorientiert vor, d.h. die St\u00e4rken des Coachees werden herausgearbeitet und zur L\u00f6sungsfindung genutzt.<\/p>\n\n\n\n<p>Hierbei werde ich <strong>Fragetechniken<\/strong> anwenden und dem Coachee <strong>Tools anbieten<\/strong>, die ihm helfen, seine Situation zu reflektieren und eine L\u00f6sung zur Verbesserung selbst zu erarbeiten und deren Umsetzung zu realisieren. <\/p>\n\n\n\n<p>Mein Coaching Ansatz umfasst die Bereiche <\/p>\n\n\n\n<p><strong><em>Career Coaching<\/em><\/strong><br>Das Wissen um das eigene K\u00f6nnen, Potential und Wollen verbinden, um sich entsprechend zu orientieren.<\/p>\n\n\n\n<p><strong><em>Leadership Coaching<\/em><\/strong><br>Wie kann ich mein Potential und mein ICH zielgerichtet einbringen, ein &#8222;guter Manager&#8220; zu werden<\/p>\n\n\n\n<p><strong><em>Work-Life Balance<\/em><\/strong><br>Bedarfe erkennen, Ausgleiche finden und die pers\u00f6nlich richtigen Schritte erkennen und umsetzen<\/p>\n\n\n\n<p><strong><em>Managing Change<\/em><\/strong><br>Wie kann ich Ver\u00e4nderungen positiv gegen\u00fcberstehen und meine Potentiale darin positiv umsetzen<\/p>\n\n\n\n<p><strong>Kommunikation,<\/strong> <br>Wie kann ich meine Kommunikation verbessern z.B. bei Besprechungen, in Gespr\u00e4chen mit Vorgesetzten oder Mitarbeiter, bei Vortr\u00e4gen <\/p>\n\n\n\n<p><strong>F\u00fchrung, <\/strong><br>Reflektion des eigenen F\u00fchrungsstils und Erarbeiten eines authentischen Ansatzes der F\u00fchrung <\/p>\n\n\n\n<p><strong>Teambuilding<\/strong>, <br>Wie steht das Team in Entwicklungsprozess, was sind aktuelle Herausforderungen und wie kann ein aufgabenorientierte, zielorientierte Teamentwicklung umgesetzt werden<\/p>\n\n\n\n<p><strong>New Work<\/strong>,<br>Wie k\u00f6nnen Ans\u00e4tze des New Work umgesetzt integriert \/ prototypisiert werden <\/p>\n\n\n\n<p><\/p>\n\n\n\n<h2 class=\"wp-block-heading\">Anforderungen an den Coachee <\/h2>\n\n\n\n<p>Als Coachee solltest Du Offenheit und Neugier auf das &#8222;eigene Ich&#8220; und etwas Mut zur Ver\u00e4nderung mitbringen. Im Rahmen unserer Zusammenarbeit werden wir Dinge aus einem anderen Blickwinkel betrachten, damit du positive Impulse und Anregungen f\u00fcr deine Fragen und dein Anliegen bekommst. <br><strong>Ehrlichkeit<\/strong> und <strong>Offenheit<\/strong> sind deshalb Erwartungen von mir an Dich.<\/p>\n\n\n\n<p><\/p>\n\n\n\n<h3 class=\"wp-block-heading\">Vertraulichkeit<\/h3>\n\n\n\n<p>Es wird <strong>nichts<\/strong> aus den Gespr\u00e4chen an Dritte weitergeben. Ich bin in meiner Arbeit nur dem Coachee verpflichtet und alle Gespr\u00e4che finden in einem gesch\u00fctzten Rahmen statt<\/p>\n\n\n\n<h2 class=\"wp-block-heading\">Auch ich habe ein Ziel:<br><\/h2>\n\n\n\n<p>Ich m\u00f6chte helfen, die <strong>St\u00e4rken<\/strong> des Coachees zu <strong>erkennen<\/strong> und sie zu <strong>aktivieren<\/strong>.<\/p>\n\n\n\n<blockquote class=\"wp-block-quote is-layout-flow wp-block-quote-is-layout-flow\"><p><\/p><\/blockquote>\n\n\n\n<p><\/p>\n\n\n\n<div class=\"wp-block-media-text alignwide is-stacked-on-mobile\" style=\"grid-template-columns:17% auto\"><figure class=\"wp-block-media-text__media\"><img loading=\"lazy\" decoding=\"async\" width=\"434\" height=\"1024\" src=\"https:\/\/eckert-advisory.de\/wp-content\/uploads\/2020\/08\/DSC00883-434x1024.jpg\" alt=\"\" class=\"wp-image-185\" srcset=\"https:\/\/eckert-advisory.de\/wp-content\/uploads\/2020\/08\/DSC00883-434x1024.jpg 434w, https:\/\/eckert-advisory.de\/wp-content\/uploads\/2020\/08\/DSC00883-127x300.jpg 127w, https:\/\/eckert-advisory.de\/wp-content\/uploads\/2020\/08\/DSC00883-768x1810.jpg 768w, https:\/\/eckert-advisory.de\/wp-content\/uploads\/2020\/08\/DSC00883-869x2048.jpg 869w, https:\/\/eckert-advisory.de\/wp-content\/uploads\/2020\/08\/DSC00883-scaled.jpg 1086w\" sizes=\"auto, (max-width: 434px) 100vw, 434px\" \/><\/figure><div class=\"wp-block-media-text__content\">\n<p><em>Goethe sagt: &#8222;Das Leben ist zu kurz f\u00fcr schlechten Wein&#8220;.<\/em><br><em>Ich sage: Das Leben ist zu wichtig, um W\u00fcnsche, eigene Potentiale und M\u00f6glichkeiten oder sogar belastende Situation nicht anzugehen.<\/em><\/p>\n<\/div><\/div>\n\n\n\n<figure class=\"wp-block-pullquote\"><blockquote><p>\u201cWhat I learned were life learning experience both professionally and personally.\u201d<\/p><cite>Senior Vice President Globale Software Firma <\/cite><\/blockquote><\/figure>\n\n\n\n<figure class=\"wp-block-pullquote\"><blockquote><p>\u201cI wish in my previous experience at coaching at Olympic levels over 20 years that I would have access to you Harald as a mentor\u201d.<\/p><cite><em>Manager einer IT-Service Company in Irland<\/em><\/cite><\/blockquote><\/figure>\n","protected":false},"excerpt":{"rendered":"<p>Mein Coaching: Empathisch, St\u00e4rkenorientiert, Authentisch Hilfe zur Selbsthilfe Ich verstehe mich als Unterst\u00fctzer bei der eigenverantwortlichen L\u00f6sung von Problemen durch den Coachee selbst. Es geht um die Erarbeitung neuer Verhaltensmuster. Da Sie das Ziel selbst formulieren und die L\u00f6sung (mit meiner Unterst\u00fctzung) selbst erarbeiten, k\u00f6nnen die besten Umsetzungserfolge erzielt werden und das auch nachhaltig. Durch &hellip; <\/p>\n<p class=\"link-more\"><a href=\"https:\/\/eckert-advisory.de\/?page_id=8\" class=\"more-link\"><span class=\"screen-reader-text\">\u201eCoaching\u201c <\/span>weiterlesen<\/a><\/p>\n","protected":false},"author":1,"featured_media":0,"parent":0,"menu_order":0,"comment_status":"closed","ping_status":"open","template":"","meta":{"ngg_post_thumbnail":0,"footnotes":""},"class_list":["post-8","page","type-page","status-publish","hentry"],"yoast_head":"<!-- This site is optimized with the Yoast SEO plugin v27.3 - https:\/\/yoast.com\/product\/yoast-seo-wordpress\/ -->\n<title>Coaching - Eckert Advisory<\/title>\n<meta name=\"robots\" content=\"index, follow, max-snippet:-1, max-image-preview:large, max-video-preview:-1\" \/>\n<link rel=\"canonical\" href=\"https:\/\/eckert-advisory.de\/?page_id=8\" \/>\n<meta property=\"og:locale\" content=\"de_DE\" \/>\n<meta property=\"og:type\" content=\"article\" \/>\n<meta property=\"og:title\" content=\"Coaching - Eckert Advisory\" \/>\n<meta property=\"og:description\" content=\"Mein Coaching: Empathisch, St\u00e4rkenorientiert, Authentisch Hilfe zur Selbsthilfe Ich verstehe mich als Unterst\u00fctzer bei der eigenverantwortlichen L\u00f6sung von Problemen durch den Coachee selbst. Es geht um die Erarbeitung neuer Verhaltensmuster. Da Sie das Ziel selbst formulieren und die L\u00f6sung (mit meiner Unterst\u00fctzung) selbst erarbeiten, k\u00f6nnen die besten Umsetzungserfolge erzielt werden und das auch nachhaltig. Durch &hellip; \u201eCoaching\u201c weiterlesen\" \/>\n<meta property=\"og:url\" content=\"https:\/\/eckert-advisory.de\/?page_id=8\" \/>\n<meta property=\"og:site_name\" content=\"Eckert Advisory\" \/>\n<meta property=\"article:modified_time\" content=\"2020-08-24T11:13:47+00:00\" \/>\n<meta property=\"og:image\" content=\"https:\/\/eckert-advisory.de\/wp-content\/uploads\/2020\/08\/DSC00883-434x1024.jpg\" \/>\n<meta name=\"twitter:card\" content=\"summary_large_image\" \/>\n<meta name=\"twitter:label1\" content=\"Gesch\u00e4tzte Lesezeit\" \/>\n\t<meta name=\"twitter:data1\" content=\"2\u00a0Minuten\" \/>\n<script type=\"application\/ld+json\" class=\"yoast-schema-graph\">{\"@context\":\"https:\\\/\\\/schema.org\",\"@graph\":[{\"@type\":\"WebPage\",\"@id\":\"https:\\\/\\\/eckert-advisory.de\\\/?page_id=8\",\"url\":\"https:\\\/\\\/eckert-advisory.de\\\/?page_id=8\",\"name\":\"Coaching - Eckert Advisory\",\"isPartOf\":{\"@id\":\"https:\\\/\\\/eckert-advisory.de\\\/#website\"},\"primaryImageOfPage\":{\"@id\":\"https:\\\/\\\/eckert-advisory.de\\\/?page_id=8#primaryimage\"},\"image\":{\"@id\":\"https:\\\/\\\/eckert-advisory.de\\\/?page_id=8#primaryimage\"},\"thumbnailUrl\":\"https:\\\/\\\/eckert-advisory.de\\\/wp-content\\\/uploads\\\/2020\\\/08\\\/DSC00883-434x1024.jpg\",\"datePublished\":\"2020-08-20T20:08:07+00:00\",\"dateModified\":\"2020-08-24T11:13:47+00:00\",\"breadcrumb\":{\"@id\":\"https:\\\/\\\/eckert-advisory.de\\\/?page_id=8#breadcrumb\"},\"inLanguage\":\"de\",\"potentialAction\":[{\"@type\":\"ReadAction\",\"target\":[\"https:\\\/\\\/eckert-advisory.de\\\/?page_id=8\"]}]},{\"@type\":\"ImageObject\",\"inLanguage\":\"de\",\"@id\":\"https:\\\/\\\/eckert-advisory.de\\\/?page_id=8#primaryimage\",\"url\":\"https:\\\/\\\/eckert-advisory.de\\\/wp-content\\\/uploads\\\/2020\\\/08\\\/DSC00883-scaled.jpg\",\"contentUrl\":\"https:\\\/\\\/eckert-advisory.de\\\/wp-content\\\/uploads\\\/2020\\\/08\\\/DSC00883-scaled.jpg\",\"width\":1086,\"height\":2560},{\"@type\":\"BreadcrumbList\",\"@id\":\"https:\\\/\\\/eckert-advisory.de\\\/?page_id=8#breadcrumb\",\"itemListElement\":[{\"@type\":\"ListItem\",\"position\":1,\"name\":\"Home\",\"item\":\"https:\\\/\\\/eckert-advisory.de\\\/\"},{\"@type\":\"ListItem\",\"position\":2,\"name\":\"Coaching\"}]},{\"@type\":\"WebSite\",\"@id\":\"https:\\\/\\\/eckert-advisory.de\\\/#website\",\"url\":\"https:\\\/\\\/eckert-advisory.de\\\/\",\"name\":\"Eckert Advisory\",\"description\":\"Digitalisierung erfolgreich menschlich\",\"potentialAction\":[{\"@type\":\"SearchAction\",\"target\":{\"@type\":\"EntryPoint\",\"urlTemplate\":\"https:\\\/\\\/eckert-advisory.de\\\/?s={search_term_string}\"},\"query-input\":{\"@type\":\"PropertyValueSpecification\",\"valueRequired\":true,\"valueName\":\"search_term_string\"}}],\"inLanguage\":\"de\"}]}<\/script>\n<!-- \/ Yoast SEO plugin. -->","yoast_head_json":{"title":"Coaching - Eckert Advisory","robots":{"index":"index","follow":"follow","max-snippet":"max-snippet:-1","max-image-preview":"max-image-preview:large","max-video-preview":"max-video-preview:-1"},"canonical":"https:\/\/eckert-advisory.de\/?page_id=8","og_locale":"de_DE","og_type":"article","og_title":"Coaching - Eckert Advisory","og_description":"Mein Coaching: Empathisch, St\u00e4rkenorientiert, Authentisch Hilfe zur Selbsthilfe Ich verstehe mich als Unterst\u00fctzer bei der eigenverantwortlichen L\u00f6sung von Problemen durch den Coachee selbst. Es geht um die Erarbeitung neuer Verhaltensmuster. Da Sie das Ziel selbst formulieren und die L\u00f6sung (mit meiner Unterst\u00fctzung) selbst erarbeiten, k\u00f6nnen die besten Umsetzungserfolge erzielt werden und das auch nachhaltig. Durch &hellip; \u201eCoaching\u201c weiterlesen","og_url":"https:\/\/eckert-advisory.de\/?page_id=8","og_site_name":"Eckert Advisory","article_modified_time":"2020-08-24T11:13:47+00:00","og_image":[{"url":"https:\/\/eckert-advisory.de\/wp-content\/uploads\/2020\/08\/DSC00883-434x1024.jpg","type":"","width":"","height":""}],"twitter_card":"summary_large_image","twitter_misc":{"Gesch\u00e4tzte Lesezeit":"2\u00a0Minuten"},"schema":{"@context":"https:\/\/schema.org","@graph":[{"@type":"WebPage","@id":"https:\/\/eckert-advisory.de\/?page_id=8","url":"https:\/\/eckert-advisory.de\/?page_id=8","name":"Coaching - Eckert Advisory","isPartOf":{"@id":"https:\/\/eckert-advisory.de\/#website"},"primaryImageOfPage":{"@id":"https:\/\/eckert-advisory.de\/?page_id=8#primaryimage"},"image":{"@id":"https:\/\/eckert-advisory.de\/?page_id=8#primaryimage"},"thumbnailUrl":"https:\/\/eckert-advisory.de\/wp-content\/uploads\/2020\/08\/DSC00883-434x1024.jpg","datePublished":"2020-08-20T20:08:07+00:00","dateModified":"2020-08-24T11:13:47+00:00","breadcrumb":{"@id":"https:\/\/eckert-advisory.de\/?page_id=8#breadcrumb"},"inLanguage":"de","potentialAction":[{"@type":"ReadAction","target":["https:\/\/eckert-advisory.de\/?page_id=8"]}]},{"@type":"ImageObject","inLanguage":"de","@id":"https:\/\/eckert-advisory.de\/?page_id=8#primaryimage","url":"https:\/\/eckert-advisory.de\/wp-content\/uploads\/2020\/08\/DSC00883-scaled.jpg","contentUrl":"https:\/\/eckert-advisory.de\/wp-content\/uploads\/2020\/08\/DSC00883-scaled.jpg","width":1086,"height":2560},{"@type":"BreadcrumbList","@id":"https:\/\/eckert-advisory.de\/?page_id=8#breadcrumb","itemListElement":[{"@type":"ListItem","position":1,"name":"Home","item":"https:\/\/eckert-advisory.de\/"},{"@type":"ListItem","position":2,"name":"Coaching"}]},{"@type":"WebSite","@id":"https:\/\/eckert-advisory.de\/#website","url":"https:\/\/eckert-advisory.de\/","name":"Eckert Advisory","description":"Digitalisierung erfolgreich menschlich","potentialAction":[{"@type":"SearchAction","target":{"@type":"EntryPoint","urlTemplate":"https:\/\/eckert-advisory.de\/?s={search_term_string}"},"query-input":{"@type":"PropertyValueSpecification","valueRequired":true,"valueName":"search_term_string"}}],"inLanguage":"de"}]}},"_links":{"self":[{"href":"https:\/\/eckert-advisory.de\/index.php?rest_route=\/wp\/v2\/pages\/8","targetHints":{"allow":["GET"]}}],"collection":[{"href":"https:\/\/eckert-advisory.de\/index.php?rest_route=\/wp\/v2\/pages"}],"about":[{"href":"https:\/\/eckert-advisory.de\/index.php?rest_route=\/wp\/v2\/types\/page"}],"author":[{"embeddable":true,"href":"https:\/\/eckert-advisory.de\/index.php?rest_route=\/wp\/v2\/users\/1"}],"replies":[{"embeddable":true,"href":"https:\/\/eckert-advisory.de\/index.php?rest_route=%2Fwp%2Fv2%2Fcomments&post=8"}],"version-history":[{"count":4,"href":"https:\/\/eckert-advisory.de\/index.php?rest_route=\/wp\/v2\/pages\/8\/revisions"}],"predecessor-version":[{"id":188,"href":"https:\/\/eckert-advisory.de\/index.php?rest_route=\/wp\/v2\/pages\/8\/revisions\/188"}],"wp:attachment":[{"href":"https:\/\/eckert-advisory.de\/index.php?rest_route=%2Fwp%2Fv2%2Fmedia&parent=8"}],"curies":[{"name":"wp","href":"https:\/\/api.w.org\/{rel}","templated":true}]}}